{"id":36466,"date":"2024-10-23T11:39:38","date_gmt":"2024-10-23T17:39:38","guid":{"rendered":"https:\/\/www.proexo.org\/?page_id=36466"},"modified":"2024-10-23T15:52:44","modified_gmt":"2024-10-23T21:52:44","slug":"politica-de-prevencion-de-fraude-organico","status":"publish","type":"page","link":"https:\/\/www.proexo.org\/en\/politica-de-prevencion-de-fraude-organico\/","title":{"rendered":"Pol\u00edtica de Prevenci\u00f3n de Fraude Org\u00e1nico"},"content":{"rendered":"\t\t<div data-elementor-type=\"wp-page\" data-elementor-id=\"36466\" class=\"elementor elementor-36466\">\n\t\t\t\t\t\t<section class=\"elementor-section elementor-top-section elementor-element elementor-element-509c6e4d elementor-section-boxed elementor-section-height-default elementor-section-height-default sc_fly_static\" data-id=\"509c6e4d\" data-element_type=\"section\" data-e-type=\"section\">\n\t\t\t\t\t\t<div class=\"elementor-container elementor-column-gap-extended\">\n\t\t\t\t\t<div class=\"elementor-column elementor-col-100 elementor-top-column elementor-element elementor-element-61e4fc9f sc_inner_width_none sc_content_align_inherit sc_layouts_column_icons_position_left sc_fly_static\" data-id=\"61e4fc9f\" data-element_type=\"column\" data-e-type=\"column\">\n\t\t\t<div class=\"elementor-widget-wrap elementor-element-populated\">\n\t\t\t\t\t\t<div class=\"elementor-element elementor-element-10429139 sc_fly_static elementor-widget elementor-widget-text-editor\" data-id=\"10429139\" data-element_type=\"widget\" data-e-type=\"widget\" data-widget_type=\"text-editor.default\">\n\t\t\t\t<div class=\"elementor-widget-container\">\n\t\t\t\t\t\t\t\t\t<p><\/p>\n<p><strong>Introducci\u00f3n<\/strong><br>PROEXO, como empresa l\u00edder en la producci\u00f3n y comercializaci\u00f3n de caf\u00e9 org\u00e1nico, se<br>compromete a mantener los m\u00e1s altos est\u00e1ndares de calidad y a garantizar la integridad de<br>sus productos. Con el objetivo de prevenir y detectar cualquier tipo de fraude org\u00e1nico en<br>nuestras operaciones, hemos desarrollado esta pol\u00edtica.<\/p>\n<p><strong>Definici\u00f3n de Fraude Org\u00e1nico<\/strong><br>Se considera fraude org\u00e1nico cualquier acto intencional que busque enga\u00f1ar a los<br>consumidores, a los certificadores o a cualquier otra parte interesada, al presentar un<br>producto como org\u00e1nico cuando no cumple con los requisitos establecidos por las normas<br>de producci\u00f3n org\u00e1nica.<\/p>\n<p><strong>Riesgos Asociados al Fraude Org\u00e1nico<\/strong><\/p>\n<p><\/p>\n<p><\/p>\n<ul class=\"wp-block-list\">\n<li style=\"list-style-type: none;\">\n<ul><\/ul>\n<\/li>\n<\/ul>\n<ul>\n<li style=\"list-style-type: none;\">\n<ul>\n<li>P\u00e9rdida de confianza: El fraude org\u00e1nico puede da\u00f1ar la reputaci\u00f3n de PROEXO y<br>socavar la confianza de nuestros clientes.<\/li>\n<\/ul>\n<\/li>\n<\/ul>\n<p><\/p>\n<p><\/p>\n<ul>\n<li style=\"list-style-type: none;\">\n<ul>\n<li>Sanciones legales: Las empresas involucradas en fraude org\u00e1nico pueden enfrentar<br>sanciones legales y econ\u00f3micas significativas.<\/li>\n<\/ul>\n<\/li>\n<\/ul>\n<p><\/p>\n<p><\/p>\n<ul>\n<li style=\"list-style-type: none;\">\n<ul>\n<li>Da\u00f1o a la marca: El fraude org\u00e1nico puede asociar negativamente la marca PROEXO<br>con pr\u00e1cticas deshonestas.<\/li>\n<li>P\u00e9rdida de certificaciones: PROEXO podr\u00eda perder sus certificaciones org\u00e1nicas, lo<br>que tendr\u00eda un impacto negativo en nuestras ventas y acceso a mercados.<\/li>\n<\/ul>\n<\/li>\n<\/ul>\n<p><\/p>\n<p><\/p>\n<ul>\n<li style=\"list-style-type: none;\">\n<ul>\n<li><strong>Medidas de Prevenci\u00f3n<\/strong><br>Para prevenir el fraude org\u00e1nico, PROEXO implementar\u00e1 las siguientes medidas:<\/li>\n<\/ul>\n<\/li>\n<\/ul>\n<p><\/p>\n<p><\/p>\n<ul>\n<li style=\"list-style-type: none;\">\n<ul>\n<li>Capacitaci\u00f3n: Todos los empleados recibir\u00e1n capacitaci\u00f3n regular sobre las normas de<br>producci\u00f3n org\u00e1nica, los riesgos de fraude y los procedimientos internos para garantizar<br>la integridad de nuestros productos.<\/li>\n<\/ul>\n<\/li>\n<\/ul>\n<p><\/p>\n<p><\/p>\n<ul>\n<li style=\"list-style-type: none;\">\n<ul>\n<li>Verificaci\u00f3n de proveedores: Estableceremos un sistema riguroso de verificaci\u00f3n de<br>proveedores para asegurarnos de que cumplan con los requisitos org\u00e1nicos y que sus<br>productos sean aut\u00e9nticos.<\/li>\n<\/ul>\n<\/li>\n<\/ul>\n<p><\/p>\n<p><\/p>\n<ul>\n<li style=\"list-style-type: none;\">\n<ul>\n<li>Trazabilidad: Implementaremos un sistema de trazabilidad robusto que permita rastrear<br>nuestros productos desde la finca hasta el consumidor final.<\/li>\n<\/ul>\n<\/li>\n<\/ul>\n<p><\/p>\n<p><\/p>\n<ul>\n<li style=\"list-style-type: none;\">\n<ul>\n<li>Auditor\u00edas internas: Realizaremos auditor\u00edas internas peri\u00f3dicas para evaluar el<br>cumplimiento de nuestra pol\u00edtica de prevenci\u00f3n de fraude org\u00e1nico.<\/li>\n<\/ul>\n<\/li>\n<\/ul>\n<p><\/p>\n<p><\/p>\n<ul>\n<li style=\"list-style-type: none;\">\n<ul>\n<li>Colaboraci\u00f3n con certificadores: Mantendremos una estrecha colaboraci\u00f3n con<br>nuestros certificadores para garantizar la integridad de nuestros procesos.<\/li>\n<\/ul>\n<\/li>\n<\/ul>\n<p><\/p>\n<p><\/p>\n<ul>\n<li style=\"list-style-type: none;\">\n<ul>\n<li>Denuncias: Estableceremos un canal confidencial para que los empleados puedan<br>reportar cualquier sospecha de fraude org\u00e1nico.<\/li>\n<\/ul>\n<\/li>\n<\/ul>\n<p><\/p>\n<p><\/p>\n<ul>\n<li style=\"list-style-type: none;\">\n<ul>\n<li>Investigaciones: Investigaremos de manera exhaustiva cualquier denuncia de fraude<br>org\u00e1nico y tomaremos las medidas correctivas necesarias.<\/li><li><p><span lang=\"ES-HN\"><b>La administraci\u00f3n aplica medidas para\nprevenir y abordar posibles casos de corrupci\u00f3n (incluidos soborno y extorsi\u00f3n),\nfraude y nepotismo por medio de:<\/b><o:p><\/o:p><\/span><\/p>\n\n<p style=\"text-indent:-18.0pt;mso-list:l1 level1 lfo1\"><!--[if !supportLists]--><span lang=\"ES-HN\" style=\"font-family:Symbol;mso-fareast-font-family:Symbol;mso-bidi-font-family:\nSymbol\">\u00b7<span style=\"font-style: normal; font-variant-numeric: normal; font-variant-east-asian: normal; font-variant-alternates: normal; font-size-adjust: none; font-kerning: auto; font-optical-sizing: auto; font-feature-settings: normal; font-variation-settings: normal; font-variant-position: normal; font-weight: normal; font-stretch: normal; font-size: 7pt; line-height: normal; font-family: &quot;Times New Roman&quot;;\">&nbsp;&nbsp;&nbsp;&nbsp;&nbsp;&nbsp;\n<\/span><\/span><!--[endif]--><span lang=\"ES-HN\">Una declaraci\u00f3n p\u00fablica por\nescrito que se comunica a los miembros del grupo\/trabajadores y a los socios de\nla cadena de suministro<o:p><\/o:p><\/span><\/p>\n\n<p style=\"margin-left:54.0pt;mso-add-space:\nauto;text-indent:-18.0pt;mso-list:l0 level1 lfo2\"><!--[if !supportLists]--><span lang=\"ES-HN\">&#8211;<span style=\"font-style: normal; font-variant-numeric: normal; font-variant-east-asian: normal; font-variant-alternates: normal; font-size-adjust: none; font-kerning: auto; font-optical-sizing: auto; font-feature-settings: normal; font-variation-settings: normal; font-variant-position: normal; font-weight: normal; font-stretch: normal; font-size: 7pt; line-height: normal; font-family: &quot;Times New Roman&quot;;\">&nbsp;&nbsp;&nbsp;&nbsp;&nbsp;&nbsp;&nbsp;&nbsp;&nbsp;\n<\/span><\/span><!--[endif]--><span lang=\"ES-HN\">Capacitaci\u00f3n a la administraci\u00f3n\ny a los trabajadores\/miembros del grupo para crear conciencia de posibles\nformas, por lo menos una vez al a\u00f1o <o:p><\/o:p><\/span><\/p>\n\n<p style=\"margin-left:54.0pt;mso-add-space:auto;\ntext-indent:-18.0pt;mso-list:l0 level1 lfo2\"><!--[if !supportLists]--><span lang=\"ES-HN\">&#8211;<span style=\"font-style: normal; font-variant-numeric: normal; font-variant-east-asian: normal; font-variant-alternates: normal; font-size-adjust: none; font-kerning: auto; font-optical-sizing: auto; font-feature-settings: normal; font-variation-settings: normal; font-variant-position: normal; font-weight: normal; font-stretch: normal; font-size: 7pt; line-height: normal; font-family: &quot;Times New Roman&quot;;\">&nbsp;&nbsp;&nbsp;&nbsp;&nbsp;&nbsp;&nbsp;&nbsp;&nbsp;\n<\/span><\/span><!--[endif]--><span lang=\"ES-HN\">Adoptar medidas para evitar y\npara reparar casos<o:p><\/o:p><\/span><\/p>\n\n<p><span lang=\"ES-HN\">La gerencia\/administraci\u00f3n muestra\nevidencia de pago de todas las tasas, regal\u00edas, impuestos y otros cargos\naplicables seg\u00fan lo prescrito por las leyes y regulaciones locales.&nbsp;<o:p><\/o:p><\/span><\/p><strong>Comunicaci\u00f3n<\/strong><br>Esta pol\u00edtica ser\u00e1 comunicada a todos los empleados de PROEXO a trav\u00e9s de diversos<br>canales, incluyendo reuniones informativas, intranet y manuales de procedimientos. Se enfatizar\u00e1 la importancia de cumplir con esta pol\u00edtica y las consecuencias de cualquier incumplimiento.<br><strong>Revisi\u00f3n<\/strong><br>Esta pol\u00edtica ser\u00e1 revisada y actualizada peri\u00f3dicamente para garantizar que siga siendo relevante y efectiva.<br><strong>Compromiso<\/strong><br>PROEXO se compromete a mantener una cultura de integridad y transparencia, y a trabajar de manera proactiva para prevenir el fraude org\u00e1nico en todas nuestras operaciones.<\/li>\n<\/ul>\n<\/li>\n<\/ul>\n<p><\/p>\n<p><\/p>\t\t\t\t\t\t\t\t<\/div>\n\t\t\t\t<\/div>\n\t\t\t\t\t<\/div>\n\t\t<\/div>\n\t\t\t\t\t<\/div>\n\t\t<\/section>\n\t\t\t\t<\/div>\n\t\t","protected":false},"excerpt":{"rendered":"<p>Introducci\u00f3nPROEXO, como empresa l\u00edder en la producci\u00f3n y comercializaci\u00f3n de caf\u00e9 org\u00e1nico, secompromete a mantener los m\u00e1s altos est\u00e1ndares de calidad y a garantizar la integridad desus productos. Con el&hellip;<\/p>","protected":false},"author":1,"featured_media":0,"parent":0,"menu_order":0,"comment_status":"closed","ping_status":"closed","template":"","meta":{"footnotes":""},"class_list":["post-36466","page","type-page","status-publish","hentry"],"_links":{"self":[{"href":"https:\/\/www.proexo.org\/en\/wp-json\/wp\/v2\/pages\/36466","targetHints":{"allow":["GET"]}}],"collection":[{"href":"https:\/\/www.proexo.org\/en\/wp-json\/wp\/v2\/pages"}],"about":[{"href":"https:\/\/www.proexo.org\/en\/wp-json\/wp\/v2\/types\/page"}],"author":[{"embeddable":true,"href":"https:\/\/www.proexo.org\/en\/wp-json\/wp\/v2\/users\/1"}],"replies":[{"embeddable":true,"href":"https:\/\/www.proexo.org\/en\/wp-json\/wp\/v2\/comments?post=36466"}],"version-history":[{"count":9,"href":"https:\/\/www.proexo.org\/en\/wp-json\/wp\/v2\/pages\/36466\/revisions"}],"predecessor-version":[{"id":36484,"href":"https:\/\/www.proexo.org\/en\/wp-json\/wp\/v2\/pages\/36466\/revisions\/36484"}],"wp:attachment":[{"href":"https:\/\/www.proexo.org\/en\/wp-json\/wp\/v2\/media?parent=36466"}],"curies":[{"name":"wp","href":"https:\/\/api.w.org\/{rel}","templated":true}]}}